{"id":1255,"date":"2022-12-11T19:44:32","date_gmt":"2022-12-11T19:44:32","guid":{"rendered":"https:\/\/elektrow.nazwa.pl\/sertech12\/?page_id=1255"},"modified":"2023-06-05T16:47:37","modified_gmt":"2023-06-05T16:47:37","slug":"praca-pl","status":"publish","type":"page","link":"https:\/\/servicetech.com.pl\/?page_id=1255","title":{"rendered":"Praca pl"},"content":{"rendered":"\t\t<div data-elementor-type=\"wp-post\" data-elementor-id=\"1255\" class=\"elementor elementor-1255\">\n\t\t\t\t\t\t\t\t\t<section class=\"elementor-section elementor-top-section elementor-element elementor-element-3da3b63 elementor-section-boxed elementor-section-height-default elementor-section-height-default\" data-id=\"3da3b63\" data-element_type=\"section\" data-settings=\"{&quot;background_background&quot;:&quot;classic&quot;}\">\n\t\t\t\t\t\t\t<div class=\"elementor-background-overlay\"><\/div>\n\t\t\t\t\t\t\t<div class=\"elementor-container elementor-column-gap-default\">\n\t\t\t\t\t<div class=\"elementor-column elementor-col-100 elementor-top-column elementor-element elementor-element-1dc7315\" data-id=\"1dc7315\" data-element_type=\"column\">\n\t\t\t<div class=\"elementor-widget-wrap elementor-element-populated\">\n\t\t\t\t\t\t\t\t<div class=\"elementor-element elementor-element-7f84ab9 elementor-widget elementor-widget-heading\" data-id=\"7f84ab9\" data-element_type=\"widget\" data-widget_type=\"heading.default\">\n\t\t\t\t<div class=\"elementor-widget-container\">\n\t\t\t<style>\/*! elementor - v3.10.0 - 09-01-2023 *\/\n.elementor-heading-title{padding:0;margin:0;line-height:1}.elementor-widget-heading .elementor-heading-title[class*=elementor-size-]>a{color:inherit;font-size:inherit;line-height:inherit}.elementor-widget-heading .elementor-heading-title.elementor-size-small{font-size:15px}.elementor-widget-heading .elementor-heading-title.elementor-size-medium{font-size:19px}.elementor-widget-heading .elementor-heading-title.elementor-size-large{font-size:29px}.elementor-widget-heading .elementor-heading-title.elementor-size-xl{font-size:39px}.elementor-widget-heading .elementor-heading-title.elementor-size-xxl{font-size:59px}<\/style><h4 class=\"elementor-heading-title elementor-size-default\">\nFirma SERVICE TECH Sp. z o. o. poszukuje do pracy:<\/h4>\t\t<\/div>\n\t\t\t\t<\/div>\n\t\t\t\t<div class=\"elementor-element elementor-element-f6229e9 elementor-widget elementor-widget-spacer\" data-id=\"f6229e9\" data-element_type=\"widget\" data-widget_type=\"spacer.default\">\n\t\t\t\t<div class=\"elementor-widget-container\">\n\t\t\t<style>\/*! elementor - v3.10.0 - 09-01-2023 *\/\n.elementor-column .elementor-spacer-inner{height:var(--spacer-size)}.e-con{--container-widget-width:100%}.e-con-inner>.elementor-widget-spacer,.e-con>.elementor-widget-spacer{width:var(--container-widget-width,var(--spacer-size));--align-self:var(--container-widget-align-self,initial);--flex-shrink:0}.e-con-inner>.elementor-widget-spacer>.elementor-widget-container,.e-con-inner>.elementor-widget-spacer>.elementor-widget-container>.elementor-spacer,.e-con>.elementor-widget-spacer>.elementor-widget-container,.e-con>.elementor-widget-spacer>.elementor-widget-container>.elementor-spacer{height:100%}.e-con-inner>.elementor-widget-spacer>.elementor-widget-container>.elementor-spacer>.elementor-spacer-inner,.e-con>.elementor-widget-spacer>.elementor-widget-container>.elementor-spacer>.elementor-spacer-inner{height:var(--container-widget-height,var(--spacer-size))}<\/style>\t\t<div class=\"elementor-spacer\">\n\t\t\t<div class=\"elementor-spacer-inner\"><\/div>\n\t\t<\/div>\n\t\t\t\t<\/div>\n\t\t\t\t<\/div>\n\t\t\t\t<div class=\"elementor-element elementor-element-1535595 elementor-widget elementor-widget-toggle\" data-id=\"1535595\" data-element_type=\"widget\" data-widget_type=\"toggle.default\">\n\t\t\t\t<div class=\"elementor-widget-container\">\n\t\t\t<style>\/*! elementor - v3.10.0 - 09-01-2023 *\/\n.elementor-toggle{text-align:left}.elementor-toggle .elementor-tab-title{font-weight:700;line-height:1;margin:0;padding:15px;border-bottom:1px solid #d4d4d4;cursor:pointer;outline:none}.elementor-toggle .elementor-tab-title .elementor-toggle-icon{display:inline-block;width:1em}.elementor-toggle .elementor-tab-title .elementor-toggle-icon svg{-webkit-margin-start:-5px;margin-inline-start:-5px;width:1em;height:1em}.elementor-toggle .elementor-tab-title .elementor-toggle-icon.elementor-toggle-icon-right{float:right;text-align:right}.elementor-toggle .elementor-tab-title .elementor-toggle-icon.elementor-toggle-icon-left{float:left;text-align:left}.elementor-toggle .elementor-tab-title .elementor-toggle-icon .elementor-toggle-icon-closed{display:block}.elementor-toggle .elementor-tab-title .elementor-toggle-icon .elementor-toggle-icon-opened{display:none}.elementor-toggle .elementor-tab-title.elementor-active{border-bottom:none}.elementor-toggle .elementor-tab-title.elementor-active .elementor-toggle-icon-closed{display:none}.elementor-toggle .elementor-tab-title.elementor-active .elementor-toggle-icon-opened{display:block}.elementor-toggle .elementor-tab-content{padding:15px;border-bottom:1px solid #d4d4d4;display:none}@media (max-width:767px){.elementor-toggle .elementor-tab-title{padding:12px}.elementor-toggle .elementor-tab-content{padding:12px 10px}}.e-con-inner>.elementor-widget-toggle,.e-con>.elementor-widget-toggle{width:var(--container-widget-width);--flex-grow:var(--container-widget-flex-grow)}<\/style>\t\t<div class=\"elementor-toggle\" role=\"tablist\">\n\t\t\t\t\t\t\t<div class=\"elementor-toggle-item\">\n\t\t\t\t\t<div id=\"elementor-tab-title-2221\" class=\"elementor-tab-title\" data-tab=\"1\" role=\"tab\" aria-controls=\"elementor-tab-content-2221\" aria-expanded=\"false\">\n\t\t\t\t\t\t\t\t\t\t\t\t<span class=\"elementor-toggle-icon elementor-toggle-icon-left\" aria-hidden=\"true\">\n\t\t\t\t\t\t\t\t\t\t\t\t\t\t\t<span class=\"elementor-toggle-icon-closed\"><i class=\"fas fa-caret-right\"><\/i><\/span>\n\t\t\t\t\t\t\t\t<span class=\"elementor-toggle-icon-opened\"><i class=\"elementor-toggle-icon-opened fas fa-caret-up\"><\/i><\/span>\n\t\t\t\t\t\t\t\t\t\t\t\t\t<\/span>\n\t\t\t\t\t\t\t\t\t\t\t\t<a href=\"\" class=\"elementor-toggle-title\">Spawacz TIG 141 (bran\u017ca spo\u017cywcza - ruroci\u0105gi)<\/a>\n\t\t\t\t\t<\/div>\n\n\t\t\t\t\t<div id=\"elementor-tab-content-2221\" class=\"elementor-tab-content elementor-clearfix\" data-tab=\"1\" role=\"tabpanel\" aria-labelledby=\"elementor-tab-title-2221\"><p style=\"margin-bottom: 0cm;\"><span style=\"font-family: Times New Roman, serif;\">Firma SERVICE TECH Sp. z o. o. poszukuje SPAWACZY TIG (ruroci\u0105gi, bran\u017ca spo\u017cywcza) do pracy na terenie Niemiec.<\/span><\/p>\n<p><span style=\"font-family: Times New Roman, serif;\"><span lang=\"pl-PL\"><b>Zakres obowi\u0105zk\u00f3w:<\/b><\/span><\/span><\/p>\n<ul>\n<li>\n<p style=\"margin-bottom: 0cm;\"><span style=\"font-family: Times New Roman, serif;\">przygotowanie powierzchni do spawania<\/span><\/p>\n<\/li>\n<li>\n<p style=\"margin-bottom: 0cm;\"><span style=\"font-family: Times New Roman, serif;\">spawanie rur g\u0142\u00f3wnie w bran\u017cy spo\u017cywczej (grubo\u015b\u0107 \u015bcianki 1,5 \u2013 3 mm) ze stali nierdzewnej<\/span><\/p>\n<\/li>\n<li>\n<p style=\"margin-bottom: 0cm;\"><span style=\"font-family: Times New Roman, serif;\">praca na podstawie rysunk\u00f3w technicznych<\/span><\/p>\n<\/li>\n<li>\n<p style=\"margin-bottom: 0cm;\"><span style=\"font-family: Times New Roman, serif;\">spawanie stali nierdzewnej i stali szlachetnej<\/span><\/p>\n<\/li>\n<li>\n<p style=\"margin-bottom: 0cm;\"><span style=\"font-family: Times New Roman, serif;\">szlifowanie spoin<br><\/span><\/p>\n<\/li>\n<\/ul>\n<p style=\"margin-bottom: 0cm;\"><span style=\"font-family: Times New Roman, serif;\"><span lang=\"pl-PL\"><b>Wymagamy:<\/b><\/span><\/span><\/p>\n<ul>\n<li>\n<p style=\"margin-bottom: 0cm;\"><span style=\"font-family: Times New Roman, serif;\">znajomo\u015bci rysunku technicznego<\/span><\/p>\n<\/li>\n<li>\n<p style=\"margin-bottom: 0cm;\"><span style=\"font-family: Times New Roman, serif;\">do\u015bwiadczenia w spawaniu metod\u0105 TIG i spawaniu stali nierdzewnej<\/span><\/p>\n<\/li>\n<li>\n<p style=\"margin-bottom: 0cm;\"><span style=\"font-family: Times New Roman, serif;\">pracowito\u015bci, sumienno\u015bci, dyspozycyjno\u015bci i odpowiedzialno\u015bci<\/span><\/p>\n<\/li>\n<li>\n<p style=\"margin-bottom: 0cm;\"><span style=\"font-family: Times New Roman, serif;\">umiej\u0119tno\u015b\u0107 pracy w zespole<\/span><\/p>\n<\/li>\n<li>\n<p style=\"margin-bottom: 0cm;\"><span style=\"font-family: Times New Roman, serif;\">uprawnienia spawalnicze 141 na stal nierdzewn\u0105<\/span><\/p>\n<\/li>\n<li>\n<p style=\"margin-bottom: 0cm;\"><span style=\"font-family: Times New Roman, serif;\">mile widziane prawo jazdy kat. B<\/span><\/p>\n<\/li>\n<li>\n<p style=\"margin-bottom: 0cm;\"><span style=\"font-family: Times New Roman, serif;\">mile widziana znajomo\u015b\u0107 j\u0119zyka niemieckiego lub angielskiego<\/span><\/p>\n<\/li>\n<li>\n<p style=\"margin-bottom: 0cm;\"><span style=\"font-family: Times New Roman, serif;\">mile widziana znajomo\u015b\u0107 rysunku izometrycznego<\/span><\/p>\n<\/li>\n<\/ul>\n<p><span style=\"font-family: Times New Roman, serif;\"><span lang=\"pl-PL\"><b>Oferujemy:<\/b><\/span><\/span><\/p>\n<ul>\n<li>\n<p style=\"margin-bottom: 0cm;\"><span style=\"font-family: Times New Roman, serif;\">atrakcyjne wynagrodzenie w wysoko\u015bci 21-22 \u20ac \/ h<\/span><\/p>\n<\/li>\n<li>\n<p style=\"margin-bottom: 0cm;\"><span style=\"font-family: Times New Roman, serif;\">dojazd do miejsca pracy<\/span><\/p>\n<\/li>\n<li>\n<p style=\"margin-bottom: 0cm;\"><span style=\"font-family: Times New Roman, serif;\">rotacja 4\/1<\/span><\/p>\n<\/li>\n<li>\n<p style=\"margin-bottom: 0cm;\"><span style=\"font-family: Times New Roman, serif;\">prac\u0119 w dynamicznie rozwijaj\u0105cej si\u0119 firmie<\/span><\/p>\n<\/li>\n<li>\n<p style=\"margin-bottom: 0cm;\"><span style=\"font-family: Times New Roman, serif;\">umow\u0119 o prac\u0119 na pe\u0142ny etat<\/span><\/p>\n<\/li>\n<li>\n<p style=\"margin-bottom: 0cm;\"><span style=\"font-family: Times New Roman, serif;\">bezp\u0142atne zakwaterowanie<\/span><\/p>\n<\/li>\n<li>\n<p style=\"margin-bottom: 0cm;\"><span style=\"font-family: Times New Roman, serif;\">opiek\u0119&nbsp;polskiego koordynatora<\/span><\/p>\n<p>Zainteresowane osoby&nbsp;prosimy o przes\u0142anie CV na adres mailowy:<br>anna@servicetech.com.pl<\/p>\n<p>Wi\u0119cej informacji udziel\u0119 telefonicznie pod numerem 510942923 od poniedzia\u0142ku do pi\u0105tku od&nbsp;8.00 do 16.00<span style=\"color: var(--ast-global-color-2); font-size: 1.2rem; font-style: inherit;\">&nbsp;<\/span><\/p>\n<\/li>\n<\/ul>\n<p style=\"margin-bottom: 0cm;\"><small>Prosimy o dopisanie nast\u0119puj\u0105cej klauzuli: Dobrowolnie wyra\u017cam zgod\u0119 na przetwarzanie przez Service Tech Sp. z o.o. znajduj\u0105cej si\u0119 pod adresem 37-530 Sieniawa, ul.&nbsp; Ko\u015bciuszki 42G moich danych osobowych do celu prowadzenia rekrutacji w\/w stanowisko, w zakresie i czasie niezb\u0119dnym do realizacji powy\u017cszego procesu rekrutacji. Przyjmuj\u0119 do wiadomo\u015bci, i\u017c posiadam prawo dost\u0119pu do tre\u015bci swoich danych, ich poprawienia oraz \u017c\u0105dania ich usuni\u0119cia a wszelkie informacje na ten temat mog\u0119 uzyska\u0107 w siedzibie przez Service Tech Sp. z o. o. znajduj\u0105cej si\u0119 pod adresem 37-530 Sieniawa, ul. Ko\u015bciuszki 42G kontaktuj\u0105c si\u0119 telefonicznie pod numerem telefonu podany na stronie internetowej&nbsp;firmy lub drog\u0105 elektroniczn\u0105 wysy\u0142aj\u0105c e-mail z pytaniem na&nbsp;adres podany na stronie internetowej firmy. Posiadam tak\u017ce prawo do&nbsp;cofni\u0119cia powy\u017cszej zgody w dowolnym momencie jak i prawo do wniesienia skargi do organu nadzorczego.<\/small><\/p><\/div>\n\t\t\t\t<\/div>\n\t\t\t\t\t\t\t<div class=\"elementor-toggle-item\">\n\t\t\t\t\t<div id=\"elementor-tab-title-2222\" class=\"elementor-tab-title\" data-tab=\"2\" role=\"tab\" aria-controls=\"elementor-tab-content-2222\" aria-expanded=\"false\">\n\t\t\t\t\t\t\t\t\t\t\t\t<span class=\"elementor-toggle-icon elementor-toggle-icon-left\" aria-hidden=\"true\">\n\t\t\t\t\t\t\t\t\t\t\t\t\t\t\t<span class=\"elementor-toggle-icon-closed\"><i class=\"fas fa-caret-right\"><\/i><\/span>\n\t\t\t\t\t\t\t\t<span class=\"elementor-toggle-icon-opened\"><i class=\"elementor-toggle-icon-opened fas fa-caret-up\"><\/i><\/span>\n\t\t\t\t\t\t\t\t\t\t\t\t\t<\/span>\n\t\t\t\t\t\t\t\t\t\t\t\t<a href=\"\" class=\"elementor-toggle-title\">Monter ruroci\u0105g\u00f3w (bran\u017ca spo\u017cywcza)<\/a>\n\t\t\t\t\t<\/div>\n\n\t\t\t\t\t<div id=\"elementor-tab-content-2222\" class=\"elementor-tab-content elementor-clearfix\" data-tab=\"2\" role=\"tabpanel\" aria-labelledby=\"elementor-tab-title-2222\"><p><span style=\"font-family: Times New Roman, serif;\">Firma SERVICE TECH Sp. z o. o. poszukuje do pracy w Niemczech monter\u00f3w ruroci\u0105g\u00f3w do bran\u017cy spo\u017cywczej.<\/span><\/p><p><span style=\"font-family: Times New Roman, serif;\">Opis stanowiska:<\/span><\/p><ul><li><span style=\"font-family: Times New Roman, serif;\">monta\u017c rur w bran\u017cy spo\u017cywczej (grubo\u015b\u0107 \u015bcianki 1,5 \u2013 3 mm) ze stali nierdzewnej<\/span><\/li><li><span style=\"font-family: Times New Roman, serif;\">praca na podstawie rysunk\u00f3w technicznych<\/span><\/li><li><span style=\"font-family: Times New Roman, serif;\">przygotowywanie powierzchni do spawania<\/span><\/li><li><span style=\"font-family: Times New Roman, serif;\">monta\u017c instalacji przemys\u0142u spo\u017cywczego<br \/><\/span><\/li><\/ul><p><span style=\"font-family: Times New Roman, serif;\"><b>Wymagania:<\/b><\/span><\/p><ul><li><span style=\"font-family: Times New Roman, serif;\">znajomo\u015b\u0107 rysunku technicznego i izometrycznego<\/span><\/li><li><span style=\"font-family: Times New Roman, serif;\">do\u015bwiadczenie zawodowe na w\/w stanowisku w przemy\u015ble spo\u017cywczym<\/span><\/li><li><span style=\"font-family: Times New Roman, serif;\">pracowito\u015bci, sumienno\u015bci, dyspozycyjno\u015bci i odpowiedzialno\u015bci<\/span><\/li><li><span style=\"font-family: Times New Roman, serif;\">umiej\u0119tno\u015bci pracy w zespole<\/span><\/li><li><span style=\"font-family: Times New Roman, serif;\">mile widziane prawo jazdy kat. B<\/span><\/li><li><span style=\"font-family: Times New Roman, serif;\">mile widziana znajomo\u015b\u0107 j\u0119zyka niemieckiego lub angielskiego<\/span><p>\u00a0<\/p><p><span style=\"font-family: Times New Roman, serif;\"><b>Oferujemy:<\/b><\/span><\/p><\/li><\/ul><ul><li><span style=\"font-family: Times New Roman, serif;\">Atrakcyjne wynagrodzenie w wysoko\u015bci 21-22 \u20ac \/ h<\/span><\/li><li><span style=\"font-family: Times New Roman, serif;\">Dojazd do miejsca pracy<\/span><\/li><li><span style=\"font-family: Times New Roman, serif;\">Powroty do Polski co 4 tygodnie na 1 tydzie\u0144<\/span><\/li><li><span style=\"font-family: Times New Roman, serif;\">Prac\u0119 w dynamicznie rozwijaj\u0105cej si\u0119 firmie<\/span><\/li><li><span style=\"font-family: Times New Roman, serif;\">Umow\u0119 o prac\u0119 na pe\u0142ny etat<\/span><\/li><li><span style=\"font-family: Times New Roman, serif;\">Bezp\u0142atne zakwaterowanie<\/span><\/li><li><span style=\"font-family: Times New Roman, serif;\"><span style=\"font-family: Times New Roman, serif;\">Opiek\u0119 polskiego koordynatora<\/span><\/span><p>Zainteresowane osoby prosimy o przes\u0142anie CV na adres mailowy: anna@servicetech.com.pl<\/p><p>Wi\u0119cej informacji udziel\u0119 telefonicznie pod numerem 510942923 od poniedzia\u0142ku do pi\u0105tku od 8.00 do 16.00<\/p><p>\u00a0<\/p><\/li><\/ul><h5 class=\"western\">\u00a0<\/h5><p><small>Prosimy o dopisanie nast\u0119puj\u0105cej klauzuli: Dobrowolnie wyra\u017cam zgod\u0119 na przetwarzanie przez Service Tech Sp. z o.o. znajduj\u0105cej si\u0119 pod adresem 37-530 Sieniawa, ul. Ko\u015bciuszki 42G moich danych osobowych do celu prowadzenia rekrutacji na w\/w stanowisko, w zakresie i czasie niezb\u0119dnym do realizacji powy\u017cszego procesu rekrutacji. Przyjmuj\u0119 do wiadomo\u015bci, i\u017c posiadam prawo dost\u0119pu do tre\u015bci swoich danych, ich poprawienia oraz \u017c\u0105dania ich usuni\u0119cia a wszelkie informacje na ten temat mog\u0119 uzyska\u0107 w siedzibie przez Service Tech Sp. z o. o. znajduj\u0105cej si\u0119 pod adresem 37-530 Sieniawa, ul. Ko\u015bciuszki 42G kontaktuj\u0105c si\u0119 telefonicznie pod numerem telefonu podany na stronie internetowej firmy lub drog\u0105 elektroniczn\u0105 wysy\u0142aj\u0105c e-mail z pytaniem na adres podany na stronie internetowej firmy. Posiadam tak\u017ce prawo do cofni\u0119cia powy\u017cszej zgody w dowolnym momencie jak i prawo do wniesienia skargi do organu nadzorczego.<\/small><\/p><\/div>\n\t\t\t\t<\/div>\n\t\t\t\t\t\t\t\t<\/div>\n\t\t\t\t<\/div>\n\t\t\t\t<\/div>\n\t\t\t\t<div class=\"elementor-element elementor-element-4f60129 elementor-widget elementor-widget-text-editor\" data-id=\"4f60129\" data-element_type=\"widget\" data-widget_type=\"text-editor.default\">\n\t\t\t\t<div class=\"elementor-widget-container\">\n\t\t\t<style>\/*! elementor - v3.10.0 - 09-01-2023 *\/\n.elementor-widget-text-editor.elementor-drop-cap-view-stacked .elementor-drop-cap{background-color:#818a91;color:#fff}.elementor-widget-text-editor.elementor-drop-cap-view-framed .elementor-drop-cap{color:#818a91;border:3px solid;background-color:transparent}.elementor-widget-text-editor:not(.elementor-drop-cap-view-default) .elementor-drop-cap{margin-top:8px}.elementor-widget-text-editor:not(.elementor-drop-cap-view-default) .elementor-drop-cap-letter{width:1em;height:1em}.elementor-widget-text-editor .elementor-drop-cap{float:left;text-align:center;line-height:1;font-size:50px}.elementor-widget-text-editor .elementor-drop-cap-letter{display:inline-block}<\/style>\t\t\t\t\t\t\t\t\t\t<\/div>\n\t\t\t\t<\/div>\n\t\t\t\t<div class=\"elementor-element elementor-element-cd442da elementor-align-center elementor-icon-list--layout-inline elementor-list-item-link-full_width elementor-widget elementor-widget-icon-list\" data-id=\"cd442da\" data-element_type=\"widget\" data-widget_type=\"icon-list.default\">\n\t\t\t\t<div class=\"elementor-widget-container\">\n\t\t\t<link rel=\"stylesheet\" href=\"https:\/\/servicetech.com.pl\/wp-content\/plugins\/elementor\/assets\/css\/widget-icon-list.min.css\">\t\t<ul class=\"elementor-icon-list-items elementor-inline-items\">\n\t\t\t\t\t\t\t<li class=\"elementor-icon-list-item elementor-inline-item\">\n\t\t\t\t\t\t\t\t\t\t\t<span class=\"elementor-icon-list-icon\">\n\t\t\t\t\t\t\t<i aria-hidden=\"true\" class=\"fab fa-houzz\"><\/i>\t\t\t\t\t\t<\/span>\n\t\t\t\t\t\t\t\t\t\t<span class=\"elementor-icon-list-text\">Service Tech Sp. zo.o.<\/span>\n\t\t\t\t\t\t\t\t\t<\/li>\n\t\t\t\t\t\t\t\t<li class=\"elementor-icon-list-item elementor-inline-item\">\n\t\t\t\t\t\t\t\t\t\t\t<span class=\"elementor-icon-list-icon\">\n\t\t\t\t\t\t\t<i aria-hidden=\"true\" class=\"fas fa-map-marker-alt\"><\/i>\t\t\t\t\t\t<\/span>\n\t\t\t\t\t\t\t\t\t\t<span class=\"elementor-icon-list-text\">37-530 Sieniawa, ul. Ko\u015bciuszki 42G<\/span>\n\t\t\t\t\t\t\t\t\t<\/li>\n\t\t\t\t\t\t\t\t<li class=\"elementor-icon-list-item elementor-inline-item\">\n\t\t\t\t\t\t\t\t\t\t\t<span class=\"elementor-icon-list-icon\">\n\t\t\t\t\t\t\t<i aria-hidden=\"true\" class=\"fas fa-globe-europe\"><\/i>\t\t\t\t\t\t<\/span>\n\t\t\t\t\t\t\t\t\t\t<span class=\"elementor-icon-list-text\">Polen<\/span>\n\t\t\t\t\t\t\t\t\t<\/li>\n\t\t\t\t\t\t\t\t<li class=\"elementor-icon-list-item elementor-inline-item\">\n\t\t\t\t\t\t\t\t\t\t\t<span class=\"elementor-icon-list-icon\">\n\t\t\t\t\t\t\t<i aria-hidden=\"true\" class=\"fas fa-phone\"><\/i>\t\t\t\t\t\t<\/span>\n\t\t\t\t\t\t\t\t\t\t<span class=\"elementor-icon-list-text\">+48 510 942 923<\/span>\n\t\t\t\t\t\t\t\t\t<\/li>\n\t\t\t\t\t\t\t\t<li class=\"elementor-icon-list-item elementor-inline-item\">\n\t\t\t\t\t\t\t\t\t\t\t<span class=\"elementor-icon-list-icon\">\n\t\t\t\t\t\t\t<i aria-hidden=\"true\" class=\"far fa-envelope\"><\/i>\t\t\t\t\t\t<\/span>\n\t\t\t\t\t\t\t\t\t\t<span class=\"elementor-icon-list-text\">anna@servicetech.com.pl<\/span>\n\t\t\t\t\t\t\t\t\t<\/li>\n\t\t\t\t\t\t<\/ul>\n\t\t\t\t<\/div>\n\t\t\t\t<\/div>\n\t\t\t\t\t<\/div>\n\t\t<\/div>\n\t\t\t\t\t\t\t<\/div>\n\t\t<\/section>\n\t\t\t\t\t\t\t<\/div>\n\t\t","protected":false},"excerpt":{"rendered":"<p>Firma SERVICE TECH Sp. z o. o. poszukuje do pracy: Spawacz TIG 141 (bran\u017ca spo\u017cywcza &#8211; ruroci\u0105gi) Firma SERVICE TECH Sp. z o. o. poszukuje SPAWACZY TIG (ruroci\u0105gi, bran\u017ca spo\u017cywcza) do pracy na terenie Niemiec. Zakres obowi\u0105zk\u00f3w: przygotowanie powierzchni do spawania spawanie rur g\u0142\u00f3wnie w bran\u017cy spo\u017cywczej (grubo\u015b\u0107 \u015bcianki 1,5 \u2013 3 mm) ze stali &hellip;<\/p>\n<p class=\"read-more\"> <a class=\"\" href=\"https:\/\/servicetech.com.pl\/?page_id=1255\"> <span class=\"screen-reader-text\">Praca pl<\/span> Read More &raquo;<\/a><\/p>\n","protected":false},"author":1,"featured_media":0,"parent":0,"menu_order":0,"comment_status":"closed","ping_status":"closed","template":"","meta":{"site-sidebar-layout":"no-sidebar","site-content-layout":"page-builder","ast-global-header-display":"","ast-main-header-display":"","ast-hfb-above-header-display":"","ast-hfb-below-header-display":"","ast-hfb-mobile-header-display":"","site-post-title":"disabled","ast-breadcrumbs-content":"","ast-featured-img":"disabled","footer-sml-layout":"","theme-transparent-header-meta":"enabled","adv-header-id-meta":"","stick-header-meta":"","header-above-stick-meta":"","header-main-stick-meta":"","header-below-stick-meta":"","footnotes":""},"class_list":["post-1255","page","type-page","status-publish","hentry"],"_links":{"self":[{"href":"https:\/\/servicetech.com.pl\/index.php?rest_route=\/wp\/v2\/pages\/1255","targetHints":{"allow":["GET"]}}],"collection":[{"href":"https:\/\/servicetech.com.pl\/index.php?rest_route=\/wp\/v2\/pages"}],"about":[{"href":"https:\/\/servicetech.com.pl\/index.php?rest_route=\/wp\/v2\/types\/page"}],"author":[{"embeddable":true,"href":"https:\/\/servicetech.com.pl\/index.php?rest_route=\/wp\/v2\/users\/1"}],"replies":[{"embeddable":true,"href":"https:\/\/servicetech.com.pl\/index.php?rest_route=%2Fwp%2Fv2%2Fcomments&post=1255"}],"version-history":[{"count":124,"href":"https:\/\/servicetech.com.pl\/index.php?rest_route=\/wp\/v2\/pages\/1255\/revisions"}],"predecessor-version":[{"id":1544,"href":"https:\/\/servicetech.com.pl\/index.php?rest_route=\/wp\/v2\/pages\/1255\/revisions\/1544"}],"wp:attachment":[{"href":"https:\/\/servicetech.com.pl\/index.php?rest_route=%2Fwp%2Fv2%2Fmedia&parent=1255"}],"curies":[{"name":"wp","href":"https:\/\/api.w.org\/{rel}","templated":true}]}}